{"id":215,"date":"2018-05-05T17:54:34","date_gmt":"2018-05-05T15:54:34","guid":{"rendered":"https:\/\/www.berga-batterien.com\/home\/"},"modified":"2020-02-11T12:10:06","modified_gmt":"2020-02-11T11:10:06","slug":"home","status":"publish","type":"page","link":"https:\/\/www.berga-batterien.com\/nl\/","title":{"rendered":"Home"},"content":{"rendered":"<div class=\"wpb-content-wrapper\"><p>[vc_row][vc_column width=&#8221;1\/2&#8243;]<div class=\"ult-spacer spacer-69e20a065410e\" data-id=\"69e20a065410e\" data-height=\"140\" data-height-mobile=\"60\" data-height-tab=\"60\" data-height-tab-portrait=\"60\" data-height-mobile-landscape=\"60\" style=\"clear:both;display:block;\"><\/div>[vc_column_text]<\/p>\n<h2>FEATS. SINDS 1927.<\/h2>\n<h2>BATTERIJEN VAN BERGA.<\/h2>\n<p>[\/vc_column_text][vc_column_text css=&#8221;.vc_custom_1526569885754{padding-right: 50px !important;}&#8221;]D\u00e9couvrir du nouveau implique de remettre sans cesse l\u2019existant en question. C\u2019est l\u00e0 l\u2019une des vertus qui ont fait de l\u2019Allemagne une nation industrielle de premier plan. Anim\u00e9s d\u2019une curiosit\u00e9 permanente pour tout ce qui est techniquement faisable, doubl\u00e9e d\u2019une remarquable<br \/>\nforce novatrice, des ing\u00e9nieurs audacieux ont forg\u00e9 la r\u00e9putation mondiale d\u2019un grand nombre de produits allemands. Des exigences de qualit\u00e9 extr\u00eamement \u00e9lev\u00e9es et une fiabilit\u00e9 l\u00e9gendaire furent des garants suppl\u00e9mentaires de cette r\u00e9ussite, et le sont aujourd\u2019hui encore.<\/p>\n<p>Forte d\u2019une tradition de plus de 80 ans, la marque Berga offre un excellent exemple de constant perfectionnement d\u2019un produit de toute premi\u00e8re qualit\u00e9. D\u00e8s la fin des ann\u00e9es 20, les ing\u00e9nieurs Berga se pr\u00e9occupent de la mobilit\u00e9 de la population. L\u2019automobile fait un nombre croissant d\u2019adeptes, dont beaucoup portent leur choix sur les accumulateurs en provenance de Raststatt, une petite ville du sud de l\u2019Allemagne.[\/vc_column_text][\/vc_column][vc_column width=&#8221;1\/2&#8243;]<div class=\"ult-spacer spacer-69e20a0654130\" data-id=\"69e20a0654130\" data-height=\"40\" data-height-mobile=\"40\" data-height-tab=\"40\" data-height-tab-portrait=\"\" data-height-mobile-landscape=\"\" style=\"clear:both;display:block;\"><\/div>[vc_single_image image=&#8221;1690&#8243; img_size=&#8221;large&#8221; css_animation=&#8221;fadeInLeftBig&#8221;][\/vc_column][\/vc_row]<\/p>\n<\/div>","protected":false},"excerpt":{"rendered":"<p>[vc_row][vc_column width=&#8221;1\/2&#8243;][vc_column_text] FEATS. SINDS 1927. BATTERIJEN VAN BERGA. [\/vc_column_text][vc_column_text css=&#8221;.vc_custom_1526569885754{padding-right: 50px !important;}&#8221;]D\u00e9couvrir du nouveau implique de remettre sans cesse l\u2019existant en question. C\u2019est l\u00e0 l\u2019une des vertus qui ont fait de l\u2019Allemagne une nation industrielle de premier plan. Anim\u00e9s d\u2019une curiosit\u00e9 permanente pour tout ce qui est techniquement faisable, doubl\u00e9e d\u2019une remarquable force novatrice, des&hellip;<\/p>\n","protected":false},"author":1,"featured_media":0,"parent":0,"menu_order":0,"comment_status":"closed","ping_status":"closed","template":"","meta":{"footnotes":""},"class_list":["post-215","page","type-page","status-publish","hentry","description-off"],"_links":{"self":[{"href":"https:\/\/www.berga-batterien.com\/nl\/wp-json\/wp\/v2\/pages\/215","targetHints":{"allow":["GET"]}}],"collection":[{"href":"https:\/\/www.berga-batterien.com\/nl\/wp-json\/wp\/v2\/pages"}],"about":[{"href":"https:\/\/www.berga-batterien.com\/nl\/wp-json\/wp\/v2\/types\/page"}],"author":[{"embeddable":true,"href":"https:\/\/www.berga-batterien.com\/nl\/wp-json\/wp\/v2\/users\/1"}],"replies":[{"embeddable":true,"href":"https:\/\/www.berga-batterien.com\/nl\/wp-json\/wp\/v2\/comments?post=215"}],"version-history":[{"count":22,"href":"https:\/\/www.berga-batterien.com\/nl\/wp-json\/wp\/v2\/pages\/215\/revisions"}],"predecessor-version":[{"id":1693,"href":"https:\/\/www.berga-batterien.com\/nl\/wp-json\/wp\/v2\/pages\/215\/revisions\/1693"}],"wp:attachment":[{"href":"https:\/\/www.berga-batterien.com\/nl\/wp-json\/wp\/v2\/media?parent=215"}],"curies":[{"name":"wp","href":"https:\/\/api.w.org\/{rel}","templated":true}]}}