{"id":723,"date":"2018-05-05T17:54:34","date_gmt":"2018-05-05T15:54:34","guid":{"rendered":"https:\/\/www.berga-batterien.com\/home\/"},"modified":"2020-02-11T12:11:14","modified_gmt":"2020-02-11T11:11:14","slug":"home","status":"publish","type":"page","link":"https:\/\/www.berga-batterien.com\/it\/","title":{"rendered":"Home"},"content":{"rendered":"<div class=\"wpb-content-wrapper\"><p>[vc_row][vc_column width=&#8221;1\/2&#8243;]<div class=\"ult-spacer spacer-69f9ed49666a4\" data-id=\"69f9ed49666a4\" data-height=\"140\" data-height-mobile=\"60\" data-height-tab=\"60\" data-height-tab-portrait=\"60\" data-height-mobile-landscape=\"60\" style=\"clear:both;display:block;\"><\/div>[vc_column_text]<\/p>\n<h2>GESTA. DA 1927.<\/h2>\n<h2>BATTERIE DA BERGA.<\/h2>\n<p>[\/vc_column_text][vc_column_text css=&#8221;.vc_custom_1526570093450{padding-right: 50px !important;}&#8221;]Per poter scoprire qualcosa di nuovo bisogna saper mettere in discussione ci\u00f2 che gi\u00e0 esiste. Questa \u00e8 da sempre una delle virt\u00f9 che hanno fatto della Germania uno dei principali paesi industriali. La fama internazionale di molti prodotti tedeschi si deve alla passione di<br \/>\ningegneri di grande talento per il progresso tecnico e le relative innovazioni. L\u2019alta qualit\u00e0 e un\u2019affidabilit\u00e0 proverbiale sono state e continuano ad essere un\u2019ulteriore garanzia di tale successo.<\/p>\n<p>Con oltre 80 anni di tradizione, Berga rappresenta un buon esempio dell\u2019incessante perfezionamento di un prodotto di prima categoria.<br \/>\nGi\u00e0 alla fine degli anni \u201920 gli ingegneri Berga si occupavano della mobilit\u00e0 della popolazione. Sempre pi\u00f9 persone scoprivano i vantaggi di possedere un\u2019automobile. Gli accumulatori prodotti nella cittadina di Raststatt, nella Germania meridionale, erano spesso la loro prima scelta.[\/vc_column_text][\/vc_column][vc_column width=&#8221;1\/2&#8243;]<div class=\"ult-spacer spacer-69f9ed49666c2\" data-id=\"69f9ed49666c2\" data-height=\"40\" data-height-mobile=\"40\" data-height-tab=\"40\" data-height-tab-portrait=\"\" data-height-mobile-landscape=\"\" style=\"clear:both;display:block;\"><\/div>[vc_single_image image=&#8221;1690&#8243; img_size=&#8221;large&#8221; css_animation=&#8221;fadeInLeftBig&#8221;][\/vc_column][\/vc_row]<\/p>\n<\/div>","protected":false},"excerpt":{"rendered":"<p>[vc_row][vc_column width=&#8221;1\/2&#8243;][vc_column_text] GESTA. DA 1927. BATTERIE DA BERGA. [\/vc_column_text][vc_column_text css=&#8221;.vc_custom_1526570093450{padding-right: 50px !important;}&#8221;]Per poter scoprire qualcosa di nuovo bisogna saper mettere in discussione ci\u00f2 che gi\u00e0 esiste. Questa \u00e8 da sempre una delle virt\u00f9 che hanno fatto della Germania uno dei principali paesi industriali. La fama internazionale di molti prodotti tedeschi si deve alla passione di&hellip;<\/p>\n","protected":false},"author":1,"featured_media":0,"parent":0,"menu_order":0,"comment_status":"closed","ping_status":"closed","template":"","meta":{"footnotes":""},"class_list":["post-723","page","type-page","status-publish","hentry","description-off"],"_links":{"self":[{"href":"https:\/\/www.berga-batterien.com\/it\/wp-json\/wp\/v2\/pages\/723","targetHints":{"allow":["GET"]}}],"collection":[{"href":"https:\/\/www.berga-batterien.com\/it\/wp-json\/wp\/v2\/pages"}],"about":[{"href":"https:\/\/www.berga-batterien.com\/it\/wp-json\/wp\/v2\/types\/page"}],"author":[{"embeddable":true,"href":"https:\/\/www.berga-batterien.com\/it\/wp-json\/wp\/v2\/users\/1"}],"replies":[{"embeddable":true,"href":"https:\/\/www.berga-batterien.com\/it\/wp-json\/wp\/v2\/comments?post=723"}],"version-history":[{"count":7,"href":"https:\/\/www.berga-batterien.com\/it\/wp-json\/wp\/v2\/pages\/723\/revisions"}],"predecessor-version":[{"id":1696,"href":"https:\/\/www.berga-batterien.com\/it\/wp-json\/wp\/v2\/pages\/723\/revisions\/1696"}],"wp:attachment":[{"href":"https:\/\/www.berga-batterien.com\/it\/wp-json\/wp\/v2\/media?parent=723"}],"curies":[{"name":"wp","href":"https:\/\/api.w.org\/{rel}","templated":true}]}}